{"id":644,"date":"2022-02-25T12:39:13","date_gmt":"2022-02-25T12:39:13","guid":{"rendered":"https:\/\/reitoraldeparada.com\/politica-de-privacidad\/"},"modified":"2024-01-18T12:28:47","modified_gmt":"2024-01-18T12:28:47","slug":"politica-de-privacidad","status":"publish","type":"page","link":"https:\/\/reitoraldeparada.com\/en\/politica-de-privacidad\/","title":{"rendered":"Pol\u00edtica de privacidad"},"content":{"rendered":"\t\t<div data-elementor-type=\"wp-page\" data-elementor-id=\"644\" class=\"elementor elementor-644 elementor-3\" data-elementor-post-type=\"page\">\n\t\t\t\t<div class=\"elementor-element elementor-element-65b8936c e-flex e-con-boxed e-con e-parent\" data-id=\"65b8936c\" data-element_type=\"container\" data-e-type=\"container\">\n\t\t\t\t\t<div class=\"e-con-inner\">\n\t\t\t\t<div class=\"elementor-element elementor-element-0607611 elementor-widget elementor-widget-spacer\" data-id=\"0607611\" data-element_type=\"widget\" data-e-type=\"widget\" data-widget_type=\"spacer.default\">\n\t\t\t\t<div class=\"elementor-widget-container\">\n\t\t\t\t\t\t\t<div class=\"elementor-spacer\">\n\t\t\t<div class=\"elementor-spacer-inner\"><\/div>\n\t\t<\/div>\n\t\t\t\t\t\t<\/div>\n\t\t\t\t<\/div>\n\t\t\t\t<div class=\"elementor-element elementor-element-279d10f elementor-widget elementor-widget-heading\" data-id=\"279d10f\" data-element_type=\"widget\" data-e-type=\"widget\" data-widget_type=\"heading.default\">\n\t\t\t\t<div class=\"elementor-widget-container\">\n\t\t\t\t\t<h1 class=\"elementor-heading-title elementor-size-default\">Pol\u00edtica de privacidad<\/h1>\t\t\t\t<\/div>\n\t\t\t\t<\/div>\n\t\t\t\t<div class=\"elementor-element elementor-element-4afe8bbc elementor-widget elementor-widget-text-editor\" data-id=\"4afe8bbc\" data-element_type=\"widget\" data-e-type=\"widget\" data-widget_type=\"text-editor.default\">\n\t\t\t\t<div class=\"elementor-widget-container\">\n\t\t\t\t\t\t\t\t\t<table width=\"643\">\n<tbody>\n<tr>\n<td width=\"121\"><u>&nbsp;<\/u> <u>&nbsp;<\/u> <u>RESPONSABLE <\/u><\/td>\n<td width=\"522\">PORTA DO SIL S.L. con N.I.F.: &nbsp;B-32.487.605 Direcci\u00f3n: R\u00faa do Barrio, 36, Parada do Sil, 32740, Ourense Tel\u00e9fono: 988 208 232 \/ 609 256 897 Correo Electr\u00f3nico: <a href=\"mailto:reservas@reitoraldeparada.com\">reservas@reitoraldeparada.com<\/a><\/td>\n<\/tr>\n<tr>\n<td width=\"121\"><u>&nbsp;<\/u> <u>&nbsp;<\/u> <u>&nbsp;<\/u> <u>&nbsp;<\/u> <u>&nbsp;<\/u> <u>FINALIDAD<\/u><\/td>\n<td width=\"522\"><em>PORTA DO SIL S.L. <\/em>tratar\u00e1 los datos de sus clientes\/usuarios con la finalidad de incorporarlos al sistema de tratamiento del que es responsable y llevar a cabo la prestaci\u00f3n de servicios de Alojamiento tur\u00edstico y Restauraci\u00f3n. -No existir\u00e1n decisiones automatizadas ni se elaborar\u00e1n perfiles a partir del tratamiento de sus datos. -Los datos proporcionados a <em>PORTA DO SIL S.L. <\/em>se conservar\u00e1n durante el tiempo que dure la relaci\u00f3n profesional. Dichos datos permanecer\u00e1n en el sistema de tratamiento del responsable. Una vez finalizada la relaci\u00f3n profesional, los datos personales facilitados se destruir\u00e1n en el plazo de 30 d\u00edas desde la fecha de finalizaci\u00f3n, salvo que por imperativo legal se tenga la obligaci\u00f3n de conservarlos.<\/td>\n<\/tr>\n<tr>\n<td width=\"121\"><u>LEGITIMACI\u00d3N<\/u><\/td>\n<td width=\"522\">Consentimiento expreso del Cliente (<em>art. 6.1 a)<\/em> <em>RGPD<\/em>), y Ejecuci\u00f3n contrato prestaci\u00f3n de servicios (<em>art. 6.1 a)<\/em> <em>RGPD<\/em>).<\/td>\n<\/tr>\n<tr>\n<td width=\"121\"><u>&nbsp;<\/u> <u>&nbsp;<\/u> <u>&nbsp;<\/u> <u>&nbsp;<\/u> <u>&nbsp;<\/u> <u>DESTINATARIOS<\/u><\/td>\n<td width=\"522\">El Cliente\/Interesado\/a <strong>consiente expresamente la cesi\u00f3n de sus datos<\/strong> cando sea necesario para la mejor prestaci\u00f3n del servicio, siempre que \u00fanicamente se cedan los datos imprescindibles para tal fin. Se proceder\u00e1 a ceder datos del Cliente a las entidades p\u00fablicas o privadas necesarias, siempre y cuando sean adecuados y guarden relaci\u00f3n con la finalidad que se persigue. <strong>El consentimiento de cesi\u00f3n a terceros podr\u00e1 ser revocado en cualquier momento con independencia de la prestaci\u00f3n de servicios<\/strong> mediante comunicaci\u00f3n al Responsable de Tratamiento, de acuerdo al apartado siguiente, DERECHOS. -No se contemplan transferencias internacionales de los datos.<\/td>\n<\/tr>\n<tr>\n<td width=\"121\"><u>&nbsp;<\/u> <u>&nbsp;<\/u> <u>&nbsp;<\/u> <u>DERECHOS<\/u><\/td>\n<td width=\"522\">El Cliente\/Interesado\/a tiene derecho a obtener el acceso a sus datos, a su rectificaci\u00f3n o supresi\u00f3n, a la limitaci\u00f3n de su tratamiento, o a oponerse al mismo, as\u00ed como a la portabilidad de sus datos, solicit\u00e1ndolo mediante comunicaci\u00f3n al Responsable de tratamiento, bien en el domicilio profesional de PORTA DO SIL S.L. R\u00faa do Barrio, 36, Parada de Sil, 32740, Ourense &nbsp;en la direcci\u00f3n de correo electr\u00f3nico <a href=\"mailto:reservas@reitoraldeparada.com\">reservas@reitoraldeparada.com<\/a> &nbsp;&nbsp;o ante la AEPD <a href=\"http:\/\/www.aepd.es\">www.aepd.es<\/a>&nbsp; &nbsp;adjuntando, en ambos casos, fotocopia de documento identificativo (D.N.I., N.I.E., o Pasaporte).<\/td>\n<\/tr>\n<tr>\n<td width=\"121\"><u>PROCEDENCIA<\/u><\/td>\n<td width=\"522\">&#8211; Los datos proceden del propio cliente\/interesado\/cliente<\/td>\n<\/tr>\n<\/tbody>\n<\/table>\n<p><strong>&nbsp;<\/strong><\/p>\t\t\t\t\t\t\t\t<\/div>\n\t\t\t\t<\/div>\n\t\t\t\t<div class=\"elementor-element elementor-element-b57241f elementor-widget elementor-widget-spacer\" data-id=\"b57241f\" data-element_type=\"widget\" data-e-type=\"widget\" data-widget_type=\"spacer.default\">\n\t\t\t\t<div class=\"elementor-widget-container\">\n\t\t\t\t\t\t\t<div class=\"elementor-spacer\">\n\t\t\t<div class=\"elementor-spacer-inner\"><\/div>\n\t\t<\/div>\n\t\t\t\t\t\t<\/div>\n\t\t\t\t<\/div>\n\t\t\t\t\t<\/div>\n\t\t\t\t<\/div>\n\t\t\t\t<\/div>\n\t\t","protected":false},"excerpt":{"rendered":"<p>&nbsp; &nbsp; RESPONSABLE PORTA DO SIL S.L. con N.I.F.: &nbsp;B-32.487.605 Direcci\u00f3n: R\u00faa do Barrio, 36, Parada do Sil, 32740, Ourense Tel\u00e9fono: 988 208 232 \/ 609 256 897 Correo Electr\u00f3nico: reservas@reitoraldeparada.com &nbsp; &nbsp; &nbsp; &nbsp; &nbsp; FINALIDAD PORTA DO SIL S.L. tratar\u00e1 los datos de sus clientes\/usuarios con la finalidad de incorporarlos al sistema de [&hellip;]<\/p>\n","protected":false},"author":1,"featured_media":0,"parent":0,"menu_order":0,"comment_status":"closed","ping_status":"closed","template":"","meta":{"_joinchat":[],"footnotes":""},"class_list":["post-644","page","type-page","status-publish","hentry"],"yoast_head":"<!-- This site is optimized with the Yoast SEO plugin v27.1.1 - https:\/\/yoast.com\/product\/yoast-seo-wordpress\/ -->\n<title>Pol\u00edtica de privacidad | Reitoral de Parada<\/title>\n<meta name=\"robots\" content=\"index, nofollow, max-snippet:-1, max-image-preview:large, max-video-preview:-1\" \/>\n<link rel=\"canonical\" href=\"https:\/\/reitoraldeparada.com\/en\/politica-de-privacidad\/\" \/>\n<meta property=\"og:locale\" content=\"en_US\" \/>\n<meta property=\"og:type\" content=\"article\" \/>\n<meta property=\"og:title\" content=\"Pol\u00edtica de privacidad | Reitoral de Parada\" \/>\n<meta property=\"og:description\" content=\"&nbsp; &nbsp; RESPONSABLE PORTA DO SIL S.L. con N.I.F.: &nbsp;B-32.487.605 Direcci\u00f3n: R\u00faa do Barrio, 36, Parada do Sil, 32740, Ourense Tel\u00e9fono: 988 208 232 \/ 609 256 897 Correo Electr\u00f3nico: reservas@reitoraldeparada.com &nbsp; &nbsp; &nbsp; &nbsp; &nbsp; FINALIDAD PORTA DO SIL S.L. tratar\u00e1 los datos de sus clientes\/usuarios con la finalidad de incorporarlos al sistema de [&hellip;]\" \/>\n<meta property=\"og:url\" content=\"https:\/\/reitoraldeparada.com\/en\/politica-de-privacidad\/\" \/>\n<meta property=\"og:site_name\" content=\"Reitoral de Parada\" \/>\n<meta property=\"article:publisher\" content=\"https:\/\/www.facebook.com\/reitoraldeparada\" \/>\n<meta property=\"article:modified_time\" content=\"2024-01-18T12:28:47+00:00\" \/>\n<meta property=\"og:image\" content=\"https:\/\/reitoraldeparada.com\/wp-content\/uploads\/2023\/11\/Reitoral-De-Parada-Entrada.jpg\" \/>\n\t<meta property=\"og:image:width\" content=\"1980\" \/>\n\t<meta property=\"og:image:height\" content=\"1322\" \/>\n\t<meta property=\"og:image:type\" content=\"image\/jpeg\" \/>\n<meta name=\"twitter:card\" content=\"summary_large_image\" \/>\n<meta name=\"twitter:label1\" content=\"Est. reading time\" \/>\n\t<meta name=\"twitter:data1\" content=\"2 minutes\" \/>\n<script type=\"application\/ld+json\" class=\"yoast-schema-graph\">{\"@context\":\"https:\/\/schema.org\",\"@graph\":[{\"@type\":\"WebPage\",\"@id\":\"https:\/\/reitoraldeparada.com\/en\/politica-de-privacidad\/\",\"url\":\"https:\/\/reitoraldeparada.com\/en\/politica-de-privacidad\/\",\"name\":\"Pol\u00edtica de privacidad | Reitoral de Parada\",\"isPartOf\":{\"@id\":\"https:\/\/reitoraldeparada.com\/en\/#website\"},\"datePublished\":\"2022-02-25T12:39:13+00:00\",\"dateModified\":\"2024-01-18T12:28:47+00:00\",\"breadcrumb\":{\"@id\":\"https:\/\/reitoraldeparada.com\/en\/politica-de-privacidad\/#breadcrumb\"},\"inLanguage\":\"en-US\",\"potentialAction\":[{\"@type\":\"ReadAction\",\"target\":[\"https:\/\/reitoraldeparada.com\/en\/politica-de-privacidad\/\"]}]},{\"@type\":\"BreadcrumbList\",\"@id\":\"https:\/\/reitoraldeparada.com\/en\/politica-de-privacidad\/#breadcrumb\",\"itemListElement\":[{\"@type\":\"ListItem\",\"position\":1,\"name\":\"Portada\",\"item\":\"https:\/\/reitoraldeparada.com\/en\/\"},{\"@type\":\"ListItem\",\"position\":2,\"name\":\"Pol\u00edtica de privacidad\"}]},{\"@type\":\"WebSite\",\"@id\":\"https:\/\/reitoraldeparada.com\/en\/#website\",\"url\":\"https:\/\/reitoraldeparada.com\/en\/\",\"name\":\"Reitoral de Parada\",\"description\":\"Hotel Rural y Restaurante en Parada de Sil\",\"publisher\":{\"@id\":\"https:\/\/reitoraldeparada.com\/en\/#organization\"},\"alternateName\":\"Reitoral de Parada\",\"potentialAction\":[{\"@type\":\"SearchAction\",\"target\":{\"@type\":\"EntryPoint\",\"urlTemplate\":\"https:\/\/reitoraldeparada.com\/en\/?s={search_term_string}\"},\"query-input\":{\"@type\":\"PropertyValueSpecification\",\"valueRequired\":true,\"valueName\":\"search_term_string\"}}],\"inLanguage\":\"en-US\"},{\"@type\":\"Organization\",\"@id\":\"https:\/\/reitoraldeparada.com\/en\/#organization\",\"name\":\"Reitoral de Parada\",\"url\":\"https:\/\/reitoraldeparada.com\/en\/\",\"logo\":{\"@type\":\"ImageObject\",\"inLanguage\":\"en-US\",\"@id\":\"https:\/\/reitoraldeparada.com\/en\/#\/schema\/logo\/image\/\",\"url\":\"https:\/\/rdp.sextaplanta.com\/wp-content\/uploads\/2023\/11\/reitoraldeparada.png\",\"contentUrl\":\"https:\/\/rdp.sextaplanta.com\/wp-content\/uploads\/2023\/11\/reitoraldeparada.png\",\"width\":500,\"height\":500,\"caption\":\"Reitoral de Parada\"},\"image\":{\"@id\":\"https:\/\/reitoraldeparada.com\/en\/#\/schema\/logo\/image\/\"},\"sameAs\":[\"https:\/\/www.facebook.com\/reitoraldeparada\",\"https:\/\/www.instagram.com\/reitoraldeparada\/\"]}]}<\/script>\n<!-- \/ Yoast SEO plugin. -->","yoast_head_json":{"title":"Pol\u00edtica de privacidad | Reitoral de Parada","robots":{"index":"index","follow":"nofollow","max-snippet":"max-snippet:-1","max-image-preview":"max-image-preview:large","max-video-preview":"max-video-preview:-1"},"canonical":"https:\/\/reitoraldeparada.com\/en\/politica-de-privacidad\/","og_locale":"en_US","og_type":"article","og_title":"Pol\u00edtica de privacidad | Reitoral de Parada","og_description":"&nbsp; &nbsp; RESPONSABLE PORTA DO SIL S.L. con N.I.F.: &nbsp;B-32.487.605 Direcci\u00f3n: R\u00faa do Barrio, 36, Parada do Sil, 32740, Ourense Tel\u00e9fono: 988 208 232 \/ 609 256 897 Correo Electr\u00f3nico: reservas@reitoraldeparada.com &nbsp; &nbsp; &nbsp; &nbsp; &nbsp; FINALIDAD PORTA DO SIL S.L. tratar\u00e1 los datos de sus clientes\/usuarios con la finalidad de incorporarlos al sistema de [&hellip;]","og_url":"https:\/\/reitoraldeparada.com\/en\/politica-de-privacidad\/","og_site_name":"Reitoral de Parada","article_publisher":"https:\/\/www.facebook.com\/reitoraldeparada","article_modified_time":"2024-01-18T12:28:47+00:00","og_image":[{"width":1980,"height":1322,"url":"https:\/\/reitoraldeparada.com\/wp-content\/uploads\/2023\/11\/Reitoral-De-Parada-Entrada.jpg","type":"image\/jpeg"}],"twitter_card":"summary_large_image","twitter_misc":{"Est. reading time":"2 minutes"},"schema":{"@context":"https:\/\/schema.org","@graph":[{"@type":"WebPage","@id":"https:\/\/reitoraldeparada.com\/en\/politica-de-privacidad\/","url":"https:\/\/reitoraldeparada.com\/en\/politica-de-privacidad\/","name":"Pol\u00edtica de privacidad | Reitoral de Parada","isPartOf":{"@id":"https:\/\/reitoraldeparada.com\/en\/#website"},"datePublished":"2022-02-25T12:39:13+00:00","dateModified":"2024-01-18T12:28:47+00:00","breadcrumb":{"@id":"https:\/\/reitoraldeparada.com\/en\/politica-de-privacidad\/#breadcrumb"},"inLanguage":"en-US","potentialAction":[{"@type":"ReadAction","target":["https:\/\/reitoraldeparada.com\/en\/politica-de-privacidad\/"]}]},{"@type":"BreadcrumbList","@id":"https:\/\/reitoraldeparada.com\/en\/politica-de-privacidad\/#breadcrumb","itemListElement":[{"@type":"ListItem","position":1,"name":"Portada","item":"https:\/\/reitoraldeparada.com\/en\/"},{"@type":"ListItem","position":2,"name":"Pol\u00edtica de privacidad"}]},{"@type":"WebSite","@id":"https:\/\/reitoraldeparada.com\/en\/#website","url":"https:\/\/reitoraldeparada.com\/en\/","name":"Reitoral de Parada","description":"Hotel Rural y Restaurante en Parada de Sil","publisher":{"@id":"https:\/\/reitoraldeparada.com\/en\/#organization"},"alternateName":"Reitoral de Parada","potentialAction":[{"@type":"SearchAction","target":{"@type":"EntryPoint","urlTemplate":"https:\/\/reitoraldeparada.com\/en\/?s={search_term_string}"},"query-input":{"@type":"PropertyValueSpecification","valueRequired":true,"valueName":"search_term_string"}}],"inLanguage":"en-US"},{"@type":"Organization","@id":"https:\/\/reitoraldeparada.com\/en\/#organization","name":"Reitoral de Parada","url":"https:\/\/reitoraldeparada.com\/en\/","logo":{"@type":"ImageObject","inLanguage":"en-US","@id":"https:\/\/reitoraldeparada.com\/en\/#\/schema\/logo\/image\/","url":"https:\/\/rdp.sextaplanta.com\/wp-content\/uploads\/2023\/11\/reitoraldeparada.png","contentUrl":"https:\/\/rdp.sextaplanta.com\/wp-content\/uploads\/2023\/11\/reitoraldeparada.png","width":500,"height":500,"caption":"Reitoral de Parada"},"image":{"@id":"https:\/\/reitoraldeparada.com\/en\/#\/schema\/logo\/image\/"},"sameAs":["https:\/\/www.facebook.com\/reitoraldeparada","https:\/\/www.instagram.com\/reitoraldeparada\/"]}]}},"_links":{"self":[{"href":"https:\/\/reitoraldeparada.com\/en\/wp-json\/wp\/v2\/pages\/644","targetHints":{"allow":["GET"]}}],"collection":[{"href":"https:\/\/reitoraldeparada.com\/en\/wp-json\/wp\/v2\/pages"}],"about":[{"href":"https:\/\/reitoraldeparada.com\/en\/wp-json\/wp\/v2\/types\/page"}],"author":[{"embeddable":true,"href":"https:\/\/reitoraldeparada.com\/en\/wp-json\/wp\/v2\/users\/1"}],"replies":[{"embeddable":true,"href":"https:\/\/reitoraldeparada.com\/en\/wp-json\/wp\/v2\/comments?post=644"}],"version-history":[{"count":2,"href":"https:\/\/reitoraldeparada.com\/en\/wp-json\/wp\/v2\/pages\/644\/revisions"}],"predecessor-version":[{"id":759,"href":"https:\/\/reitoraldeparada.com\/en\/wp-json\/wp\/v2\/pages\/644\/revisions\/759"}],"wp:attachment":[{"href":"https:\/\/reitoraldeparada.com\/en\/wp-json\/wp\/v2\/media?parent=644"}],"curies":[{"name":"wp","href":"https:\/\/api.w.org\/{rel}","templated":true}]}}